{"id":234,"date":"2025-05-12T12:42:20","date_gmt":"2025-05-12T10:42:20","guid":{"rendered":"https:\/\/kunden.weissblaumedia.de\/george\/?page_id=234"},"modified":"2025-05-12T12:44:05","modified_gmt":"2025-05-12T10:44:05","slug":"vielen-dank","status":"publish","type":"page","link":"https:\/\/utcuro.net\/en\/vielen-dank\/","title":{"rendered":"Vielen Dank"},"content":{"rendered":"<p>[et_pb_section fb_built=&#8220;1&#8243; _builder_version=&#8220;4.27.4&#8243; _module_preset=&#8220;default&#8220; background_image=&#8220;https:\/\/utcuro.net\/wp-content\/uploads\/2025\/03\/stage-1.jpg&#8220; background_enable_video_mp4=&#8220;off&#8220; custom_padding=&#8220;40px||40px||false|false&#8220; global_colors_info=&#8220;{}&#8220;][et_pb_row column_structure=&#8220;2_3,1_3&#8243; custom_padding_last_edited=&#8220;on|tablet&#8220; _builder_version=&#8220;4.27.4&#8243; _module_preset=&#8220;default&#8220; width_tablet=&#8220;&#8220; width_phone=&#8220;80%&#8220; width_last_edited=&#8220;on|phone&#8220; custom_padding_tablet=&#8220;||0px||false|false&#8220; custom_padding_phone=&#8220;0px||0px||false|false&#8220; global_colors_info=&#8220;{}&#8220;][et_pb_column type=&#8220;2_3&#8243; _builder_version=&#8220;4.25.0&#8243; _module_preset=&#8220;default&#8220; global_colors_info=&#8220;{}&#8220;][et_pb_text _builder_version=&#8220;4.27.4&#8243; _module_preset=&#8220;default&#8220; text_font=&#8220;Montserrat|||on|||||&#8220; text_text_color=&#8220;#000000&#8243; text_font_size=&#8220;17px&#8220; text_letter_spacing=&#8220;2px&#8220; header_font=&#8220;Montserrat||||||||&#8220; header_text_color=&#8220;#000000&#8243; header_font_size=&#8220;17px&#8220; header_letter_spacing=&#8220;2px&#8220; header_line_height=&#8220;1.3em&#8220; custom_margin_tablet=&#8220;&#8220; custom_margin_phone=&#8220;||20px||false|false&#8220; custom_margin_last_edited=&#8220;on|phone&#8220; text_font_size_tablet=&#8220;17px&#8220; text_font_size_phone=&#8220;15px&#8220; text_font_size_last_edited=&#8220;on|phone&#8220; header_font_size_tablet=&#8220;17px&#8220; header_font_size_phone=&#8220;15px&#8220; header_font_size_last_edited=&#8220;on|phone&#8220; global_colors_info=&#8220;{}&#8220;]Formular versendet![\/et_pb_text][et_pb_text _builder_version=&#8220;4.27.4&#8243; _module_preset=&#8220;default&#8220; header_font=&#8220;Montserrat|800|||||||&#8220; header_font_size=&#8220;55px&#8220; header_line_height=&#8220;1.2em&#8220; header_2_font=&#8220;Montserrat|800|||||||&#8220; header_2_font_size=&#8220;55px&#8220; header_2_line_height=&#8220;1.2em&#8220; header_font_size_tablet=&#8220;42px&#8220; header_font_size_phone=&#8220;30px&#8220; header_font_size_last_edited=&#8220;on|tablet&#8220; header_2_font_size_tablet=&#8220;42px&#8220; header_2_font_size_phone=&#8220;30px&#8220; header_2_font_size_last_edited=&#8220;on|tablet&#8220; custom_css_free_form=&#8220;@media (max-width:1455px) and (min-width:980px){||  selector h2{||    font-size: clamp(2.3125rem, 0.1204rem + 3.5789vw, 3.375rem)!important;||  }||}&#8220; global_colors_info=&#8220;{}&#8220;]<\/p>\n<h2>Vielen Dank f\u00fcr Ihre Anfrage!<\/h2>\n<p>[\/et_pb_text][et_pb_text _builder_version=&#8220;4.27.4&#8243; _module_preset=&#8220;default&#8220; text_font=&#8220;Montserrat||||||||&#8220; text_text_color=&#8220;#000000&#8243; text_font_size=&#8220;16px&#8220; header_2_font=&#8220;Montserrat|800|||||||&#8220; header_2_font_size=&#8220;40px&#8220; header_2_line_height=&#8220;1.2em&#8220; header_3_font=&#8220;Montserrat|800|||||||&#8220; header_3_font_size=&#8220;27px&#8220; header_3_line_height=&#8220;1.2em&#8220; header_4_font=&#8220;Montserrat|800|||||||&#8220; header_4_font_size=&#8220;25px&#8220; header_4_line_height=&#8220;1.2em&#8220; header_5_font=&#8220;Montserrat|800|||||||&#8220; header_5_font_size=&#8220;23px&#8220; header_5_line_height=&#8220;1.2em&#8220; header_6_font=&#8220;Montserrat|800|||||||&#8220; header_6_font_size=&#8220;21px&#8220; header_6_line_height=&#8220;1.2em&#8220; custom_margin=&#8220;||||false|false&#8220; text_font_size_tablet=&#8220;16px&#8220; text_font_size_phone=&#8220;15px&#8220; text_font_size_last_edited=&#8220;on|phone&#8220; header_2_font_size_tablet=&#8220;42px&#8220; header_2_font_size_phone=&#8220;24px&#8220; header_2_font_size_last_edited=&#8220;on|phone&#8220; header_3_font_size_tablet=&#8220;42px&#8220; header_3_font_size_phone=&#8220;22px&#8220; header_3_font_size_last_edited=&#8220;on|phone&#8220; header_4_font_size_tablet=&#8220;42px&#8220; header_4_font_size_phone=&#8220;21px&#8220; header_4_font_size_last_edited=&#8220;on|phone&#8220; header_5_font_size_tablet=&#8220;42px&#8220; header_5_font_size_phone=&#8220;20px&#8220; header_5_font_size_last_edited=&#8220;on|phone&#8220; header_6_font_size_tablet=&#8220;42px&#8220; header_6_font_size_phone=&#8220;19px&#8220; header_6_font_size_last_edited=&#8220;on|phone&#8220; global_colors_info=&#8220;{}&#8220;]<\/p>\n<p><strong>Wir haben Ihre Angaben erhalten.<\/strong><\/p>\n<p>Ich werde mich innerhalb der n\u00e4chsten 24 Stunden telefonisch bei Ihnen melden, um Ihr Anliegen pers\u00f6nlich mit Ihnen zu besprechen.<\/p>\n<p>Gemeinsam kl\u00e4ren wir, wie wir Sie bestm\u00f6glich unterst\u00fctzen k\u00f6nnen \u2013 individuell, praxisnah und auf Augenh\u00f6he.<\/p>\n<p>Bis gleich \u2013 ich freue mich auf das Gespr\u00e4ch!<\/p>\n<p>[\/et_pb_text][\/et_pb_column][et_pb_column type=&#8220;1_3&#8243; _builder_version=&#8220;4.25.0&#8243; _module_preset=&#8220;default&#8220; global_colors_info=&#8220;{}&#8220;][\/et_pb_column][\/et_pb_row][\/et_pb_section]<\/p>\n","protected":false},"excerpt":{"rendered":"<p>Formular versendet!Vielen Dank f\u00fcr Ihre Anfrage!Wir haben Ihre Angaben erhalten. Ich werde mich innerhalb der n\u00e4chsten 24 Stunden telefonisch bei Ihnen melden, um Ihr Anliegen pers\u00f6nlich mit Ihnen zu besprechen. Gemeinsam kl\u00e4ren wir, wie wir Sie bestm\u00f6glich unterst\u00fctzen k\u00f6nnen \u2013 individuell, praxisnah und auf Augenh\u00f6he. Bis gleich \u2013 ich freue mich auf das Gespr\u00e4ch!<\/p>","protected":false},"author":1,"featured_media":0,"parent":0,"menu_order":0,"comment_status":"closed","ping_status":"closed","template":"","meta":{"_et_pb_use_builder":"on","_et_pb_old_content":"","_et_gb_content_width":"","footnotes":""},"class_list":["post-234","page","type-page","status-publish","hentry"],"yoast_head":"<!-- This site is optimized with the Yoast SEO plugin v27.5 - https:\/\/yoast.com\/product\/yoast-seo-wordpress\/ -->\n<title>Vielen Dank \u2013 utcuro Management. Beratung.<\/title>\n<meta name=\"description\" content=\"Vielen Dank f\u00fcr Ihre Anfrage. Wir melden uns innerhalb von 24 Stunden telefonisch bei Ihnen, um Ihr Anliegen zur Energieberatung pers\u00f6nlich zu besprechen.\" \/>\n<meta name=\"robots\" content=\"index, follow, max-snippet:-1, max-image-preview:large, max-video-preview:-1\" \/>\n<link rel=\"canonical\" href=\"https:\/\/utcuro.net\/en\/vielen-dank\/\" \/>\n<meta property=\"og:locale\" content=\"en_GB\" \/>\n<meta property=\"og:type\" content=\"article\" \/>\n<meta property=\"og:title\" content=\"Vielen Dank \u2013 utcuro Management. Beratung.\" \/>\n<meta property=\"og:description\" content=\"Vielen Dank f\u00fcr Ihre Anfrage. Wir melden uns innerhalb von 24 Stunden telefonisch bei Ihnen, um Ihr Anliegen zur Energieberatung pers\u00f6nlich zu besprechen.\" \/>\n<meta property=\"og:url\" content=\"https:\/\/utcuro.net\/en\/vielen-dank\/\" \/>\n<meta property=\"og:site_name\" content=\"utcuro Management. Beratung.\" \/>\n<meta property=\"article:modified_time\" content=\"2025-05-12T10:44:05+00:00\" \/>\n<meta name=\"twitter:card\" content=\"summary_large_image\" \/>\n<meta name=\"twitter:label1\" content=\"Estimated reading time\" \/>\n\t<meta name=\"twitter:data1\" content=\"1 minute\" \/>\n<script type=\"application\/ld+json\" class=\"yoast-schema-graph\">{\"@context\":\"https:\\\/\\\/schema.org\",\"@graph\":[{\"@type\":\"WebPage\",\"@id\":\"https:\\\/\\\/utcuro.net\\\/vielen-dank\\\/\",\"url\":\"https:\\\/\\\/utcuro.net\\\/vielen-dank\\\/\",\"name\":\"Vielen Dank \u2013 utcuro Management. Beratung.\",\"isPartOf\":{\"@id\":\"https:\\\/\\\/utcuro.net\\\/#website\"},\"datePublished\":\"2025-05-12T10:42:20+00:00\",\"dateModified\":\"2025-05-12T10:44:05+00:00\",\"description\":\"Vielen Dank f\u00fcr Ihre Anfrage. Wir melden uns innerhalb von 24 Stunden telefonisch bei Ihnen, um Ihr Anliegen zur Energieberatung pers\u00f6nlich zu besprechen.\",\"breadcrumb\":{\"@id\":\"https:\\\/\\\/utcuro.net\\\/vielen-dank\\\/#breadcrumb\"},\"inLanguage\":\"en-GB\",\"potentialAction\":[{\"@type\":\"ReadAction\",\"target\":[\"https:\\\/\\\/utcuro.net\\\/vielen-dank\\\/\"]}]},{\"@type\":\"BreadcrumbList\",\"@id\":\"https:\\\/\\\/utcuro.net\\\/vielen-dank\\\/#breadcrumb\",\"itemListElement\":[{\"@type\":\"ListItem\",\"position\":1,\"name\":\"Startseite\",\"item\":\"https:\\\/\\\/utcuro.net\\\/\"},{\"@type\":\"ListItem\",\"position\":2,\"name\":\"Vielen Dank\"}]},{\"@type\":\"WebSite\",\"@id\":\"https:\\\/\\\/utcuro.net\\\/#website\",\"url\":\"https:\\\/\\\/utcuro.net\\\/\",\"name\":\"utcuro Management. Beratung.\",\"description\":\"Beratung f\u00fcr klimaneutrale Prozesse in Wirtschaft und Industrie\",\"potentialAction\":[{\"@type\":\"SearchAction\",\"target\":{\"@type\":\"EntryPoint\",\"urlTemplate\":\"https:\\\/\\\/utcuro.net\\\/?s={search_term_string}\"},\"query-input\":{\"@type\":\"PropertyValueSpecification\",\"valueRequired\":true,\"valueName\":\"search_term_string\"}}],\"inLanguage\":\"en-GB\"}]}<\/script>\n<!-- \/ Yoast SEO plugin. -->","yoast_head_json":{"title":"Vielen Dank \u2013 utcuro Management. Beratung.","description":"Vielen Dank f\u00fcr Ihre Anfrage. Wir melden uns innerhalb von 24 Stunden telefonisch bei Ihnen, um Ihr Anliegen zur Energieberatung pers\u00f6nlich zu besprechen.","robots":{"index":"index","follow":"follow","max-snippet":"max-snippet:-1","max-image-preview":"max-image-preview:large","max-video-preview":"max-video-preview:-1"},"canonical":"https:\/\/utcuro.net\/en\/vielen-dank\/","og_locale":"en_GB","og_type":"article","og_title":"Vielen Dank \u2013 utcuro Management. Beratung.","og_description":"Vielen Dank f\u00fcr Ihre Anfrage. Wir melden uns innerhalb von 24 Stunden telefonisch bei Ihnen, um Ihr Anliegen zur Energieberatung pers\u00f6nlich zu besprechen.","og_url":"https:\/\/utcuro.net\/en\/vielen-dank\/","og_site_name":"utcuro Management. Beratung.","article_modified_time":"2025-05-12T10:44:05+00:00","twitter_card":"summary_large_image","twitter_misc":{"Estimated reading time":"1 minute"},"schema":{"@context":"https:\/\/schema.org","@graph":[{"@type":"WebPage","@id":"https:\/\/utcuro.net\/vielen-dank\/","url":"https:\/\/utcuro.net\/vielen-dank\/","name":"Vielen Dank \u2013 utcuro Management. Beratung.","isPartOf":{"@id":"https:\/\/utcuro.net\/#website"},"datePublished":"2025-05-12T10:42:20+00:00","dateModified":"2025-05-12T10:44:05+00:00","description":"Vielen Dank f\u00fcr Ihre Anfrage. Wir melden uns innerhalb von 24 Stunden telefonisch bei Ihnen, um Ihr Anliegen zur Energieberatung pers\u00f6nlich zu besprechen.","breadcrumb":{"@id":"https:\/\/utcuro.net\/vielen-dank\/#breadcrumb"},"inLanguage":"en-GB","potentialAction":[{"@type":"ReadAction","target":["https:\/\/utcuro.net\/vielen-dank\/"]}]},{"@type":"BreadcrumbList","@id":"https:\/\/utcuro.net\/vielen-dank\/#breadcrumb","itemListElement":[{"@type":"ListItem","position":1,"name":"Startseite","item":"https:\/\/utcuro.net\/"},{"@type":"ListItem","position":2,"name":"Vielen Dank"}]},{"@type":"WebSite","@id":"https:\/\/utcuro.net\/#website","url":"https:\/\/utcuro.net\/","name":"utcuro Management. Consulting.","description":"Consulting for climate-neutral processes in business and industry","potentialAction":[{"@type":"SearchAction","target":{"@type":"EntryPoint","urlTemplate":"https:\/\/utcuro.net\/?s={search_term_string}"},"query-input":{"@type":"PropertyValueSpecification","valueRequired":true,"valueName":"search_term_string"}}],"inLanguage":"en-GB"}]}},"_links":{"self":[{"href":"https:\/\/utcuro.net\/en\/wp-json\/wp\/v2\/pages\/234","targetHints":{"allow":["GET"]}}],"collection":[{"href":"https:\/\/utcuro.net\/en\/wp-json\/wp\/v2\/pages"}],"about":[{"href":"https:\/\/utcuro.net\/en\/wp-json\/wp\/v2\/types\/page"}],"author":[{"embeddable":true,"href":"https:\/\/utcuro.net\/en\/wp-json\/wp\/v2\/users\/1"}],"replies":[{"embeddable":true,"href":"https:\/\/utcuro.net\/en\/wp-json\/wp\/v2\/comments?post=234"}],"version-history":[{"count":4,"href":"https:\/\/utcuro.net\/en\/wp-json\/wp\/v2\/pages\/234\/revisions"}],"predecessor-version":[{"id":238,"href":"https:\/\/utcuro.net\/en\/wp-json\/wp\/v2\/pages\/234\/revisions\/238"}],"wp:attachment":[{"href":"https:\/\/utcuro.net\/en\/wp-json\/wp\/v2\/media?parent=234"}],"curies":[{"name":"wp","href":"https:\/\/api.w.org\/{rel}","templated":true}]}}